{"id":58,"date":"2026-03-11T10:17:26","date_gmt":"2026-03-11T07:17:26","guid":{"rendered":"https:\/\/societyandeducation.org\/?page_id=58"},"modified":"2026-03-11T14:56:03","modified_gmt":"2026-03-11T11:56:03","slug":"etik-ilkeler-ve-yayin-politikasi","status":"publish","type":"page","link":"https:\/\/societyandeducation.org\/index.php\/etik-ilkeler-ve-yayin-politikasi\/","title":{"rendered":"Etik \u0130lkeler ve Yay\u0131n Politikas\u0131"},"content":{"rendered":"","protected":false},"excerpt":{"rendered":"","protected":false},"author":2,"featured_media":0,"parent":0,"menu_order":0,"comment_status":"closed","ping_status":"closed","template":"","meta":{"footnotes":""},"class_list":["post-58","page","type-page","status-publish","hentry"],"_links":{"self":[{"href":"https:\/\/societyandeducation.org\/index.php\/wp-json\/wp\/v2\/pages\/58","targetHints":{"allow":["GET"]}}],"collection":[{"href":"https:\/\/societyandeducation.org\/index.php\/wp-json\/wp\/v2\/pages"}],"about":[{"href":"https:\/\/societyandeducation.org\/index.php\/wp-json\/wp\/v2\/types\/page"}],"author":[{"embeddable":true,"href":"https:\/\/societyandeducation.org\/index.php\/wp-json\/wp\/v2\/users\/2"}],"replies":[{"embeddable":true,"href":"https:\/\/societyandeducation.org\/index.php\/wp-json\/wp\/v2\/comments?post=58"}],"version-history":[{"count":1,"href":"https:\/\/societyandeducation.org\/index.php\/wp-json\/wp\/v2\/pages\/58\/revisions"}],"predecessor-version":[{"id":59,"href":"https:\/\/societyandeducation.org\/index.php\/wp-json\/wp\/v2\/pages\/58\/revisions\/59"}],"wp:attachment":[{"href":"https:\/\/societyandeducation.org\/index.php\/wp-json\/wp\/v2\/media?parent=58"}],"curies":[{"name":"wp","href":"https:\/\/api.w.org\/{rel}","templated":true}]}}