{"id":32,"date":"2026-03-11T10:08:40","date_gmt":"2026-03-11T07:08:40","guid":{"rendered":"https:\/\/societyandeducation.org\/?page_id=32"},"modified":"2026-03-12T18:48:24","modified_gmt":"2026-03-12T15:48:24","slug":"makale-gonder","status":"publish","type":"page","link":"https:\/\/societyandeducation.org\/index.php\/makale-gonder\/","title":{"rendered":"Makale G\u00f6nder"},"content":{"rendered":"\n<ul class=\"wp-block-list\">\n<li><p>Makale g\u00f6ndermek i\u00e7in giri\u015f yap\u0131n.<\/p><\/li>\n<\/ul>\n\n\n\n<p><\/p>\n","protected":false},"excerpt":{"rendered":"","protected":false},"author":2,"featured_media":0,"parent":0,"menu_order":0,"comment_status":"closed","ping_status":"closed","template":"","meta":{"footnotes":""},"class_list":["post-32","page","type-page","status-publish","hentry"],"_links":{"self":[{"href":"https:\/\/societyandeducation.org\/index.php\/wp-json\/wp\/v2\/pages\/32","targetHints":{"allow":["GET"]}}],"collection":[{"href":"https:\/\/societyandeducation.org\/index.php\/wp-json\/wp\/v2\/pages"}],"about":[{"href":"https:\/\/societyandeducation.org\/index.php\/wp-json\/wp\/v2\/types\/page"}],"author":[{"embeddable":true,"href":"https:\/\/societyandeducation.org\/index.php\/wp-json\/wp\/v2\/users\/2"}],"replies":[{"embeddable":true,"href":"https:\/\/societyandeducation.org\/index.php\/wp-json\/wp\/v2\/comments?post=32"}],"version-history":[{"count":2,"href":"https:\/\/societyandeducation.org\/index.php\/wp-json\/wp\/v2\/pages\/32\/revisions"}],"predecessor-version":[{"id":98,"href":"https:\/\/societyandeducation.org\/index.php\/wp-json\/wp\/v2\/pages\/32\/revisions\/98"}],"wp:attachment":[{"href":"https:\/\/societyandeducation.org\/index.php\/wp-json\/wp\/v2\/media?parent=32"}],"curies":[{"name":"wp","href":"https:\/\/api.w.org\/{rel}","templated":true}]}}