{"id":24,"date":"2026-03-11T10:06:55","date_gmt":"2026-03-11T07:06:55","guid":{"rendered":"https:\/\/societyandeducation.org\/?page_id=24"},"modified":"2026-03-11T11:48:14","modified_gmt":"2026-03-11T08:48:14","slug":"makale-degerlendirme-sureci","status":"publish","type":"page","link":"https:\/\/societyandeducation.org\/index.php\/makale-degerlendirme-sureci\/","title":{"rendered":"Makale De\u011ferlendirme S\u00fcreci"},"content":{"rendered":"\n\n\n<p class=\"has-cyan-bluish-gray-color has-text-color has-link-color wp-elements-65db2f4e706830ee34acdbea8e047fdf\">Makale De\u011ferlendirme S\u00fcreci<\/p>\n\n\n\n<h2 class=\"wp-block-heading\" style=\"font-size:38px;line-height:1.4\"><strong>Yolculuk ba\u015flam\u0131\u015ft\u0131 ve yumu\u015fak mavi bir g\u00f6ky\u00fcz\u00fc ve sakin bir deniz ile mutlu bir \u015fekilde ba\u015flam\u0131\u015ft\u0131.<\/strong><\/h2>\n\n\n\n<div class=\"wp-block-columns is-layout-flex wp-container-core-columns-is-layout-9d6595d7 wp-block-columns-is-layout-flex\">\n<div class=\"wp-block-column is-layout-flow wp-block-column-is-layout-flow\">\n<p style=\"font-size:18px\">Onu g\u00fcverteye kadar izlediler. T\u00fcm duman ve evler kaybolmu\u015ftu ve gemi geni\u015f bir deniz alan\u0131nda \u00e7ok taze ve berrakt\u0131, ancak erken \u0131\u015f\u0131kta soluktu. Londra&#8217;dan \u00e7amurun \u00fczerinde oturarak ayr\u0131lm\u0131\u015flard\u0131. Ufukta sivrilen \u00e7ok ince bir g\u00f6lge \u00e7izgisi, Paris&#8217;in y\u00fck\u00fcne dayanacak kadar kal\u0131n de\u011fildi, yine de \u00fczerinde durdu. Yollardan, insano\u011flundan ar\u0131nd\u0131lar ve \u00f6zg\u00fcrl\u00fcklerindeki ayn\u0131 co\u015fku hepsinin i\u00e7inden ge\u00e7ti.<\/p>\n<\/div>\n\n\n\n<div class=\"wp-block-column is-layout-flow wp-block-column-is-layout-flow\">\n<p style=\"font-size:18px\">Gemi, onu tokatlayan k\u00fc\u00e7\u00fck dalgalardan kararl\u0131 bir \u015fekilde ge\u00e7iyordu ve sonra efervescing suyu gibi f\u0131\u015fk\u0131rd\u0131, her iki tarafta da k\u00fc\u00e7\u00fck bir kabarc\u0131k ve k\u00f6p\u00fck s\u0131n\u0131r\u0131 b\u0131rakt\u0131. Yukar\u0131daki renksiz Ekim g\u00f6ky\u00fcz\u00fc, odun ate\u015fi duman\u0131n\u0131n izindenmi\u015f gibi ince bir \u015fekilde g\u00f6lgelendi ve hava harika bir \u015fekilde tuzlu ve tempoluydu. Ger\u00e7ekten de hareketsiz durmak i\u00e7in \u00e7ok so\u011fuktu. Bayan Ambrose kolunu kocas\u0131n\u0131nkine \u00e7ekti ve uzakla\u015ft\u0131klar\u0131nda e\u011fimli yana\u011f\u0131n\u0131n ileti\u015fim kuracak \u00f6zel bir \u015feyi oldu\u011fu ortaya \u00e7\u0131kt\u0131.<\/p>\n<\/div>\n<\/div>\n\n\n\n<p><\/p>\n","protected":false},"excerpt":{"rendered":"<p>Makale De\u011ferlendirme S\u00fcreci Yolculuk ba\u015flam\u0131\u015ft\u0131 ve yumu\u015fak mavi bir g\u00f6ky\u00fcz\u00fc ve sakin bir deniz ile mutlu bir \u015fekilde ba\u015flam\u0131\u015ft\u0131. Onu g\u00fcverteye kadar izlediler. T\u00fcm duman ve<span class=\"excerpt-hellip\"> [\u2026]<\/span><\/p>\n","protected":false},"author":2,"featured_media":0,"parent":0,"menu_order":0,"comment_status":"closed","ping_status":"closed","template":"","meta":{"footnotes":""},"class_list":["post-24","page","type-page","status-publish","hentry"],"_links":{"self":[{"href":"https:\/\/societyandeducation.org\/index.php\/wp-json\/wp\/v2\/pages\/24","targetHints":{"allow":["GET"]}}],"collection":[{"href":"https:\/\/societyandeducation.org\/index.php\/wp-json\/wp\/v2\/pages"}],"about":[{"href":"https:\/\/societyandeducation.org\/index.php\/wp-json\/wp\/v2\/types\/page"}],"author":[{"embeddable":true,"href":"https:\/\/societyandeducation.org\/index.php\/wp-json\/wp\/v2\/users\/2"}],"replies":[{"embeddable":true,"href":"https:\/\/societyandeducation.org\/index.php\/wp-json\/wp\/v2\/comments?post=24"}],"version-history":[{"count":3,"href":"https:\/\/societyandeducation.org\/index.php\/wp-json\/wp\/v2\/pages\/24\/revisions"}],"predecessor-version":[{"id":92,"href":"https:\/\/societyandeducation.org\/index.php\/wp-json\/wp\/v2\/pages\/24\/revisions\/92"}],"wp:attachment":[{"href":"https:\/\/societyandeducation.org\/index.php\/wp-json\/wp\/v2\/media?parent=24"}],"curies":[{"name":"wp","href":"https:\/\/api.w.org\/{rel}","templated":true}]}}